{"id":370,"date":"2024-03-01T02:03:05","date_gmt":"2024-03-01T02:03:05","guid":{"rendered":"https:\/\/hungthinhrubber.asia\/?post_type=product&#038;p=370"},"modified":"2025-03-30T10:29:39","modified_gmt":"2025-03-30T10:29:39","slug":"cao-su-svr-20","status":"publish","type":"product","link":"https:\/\/hungthinhrubber.com\/index.php\/product\/cao-su-svr-20\/","title":{"rendered":"Cao su SVR-20"},"content":{"rendered":"<h4>H\u01b0ng Th\u1ecbnh Rubber s\u1ea3n xu\u1ea5t SVR-20<\/h4>\n<p><strong>\u1ee8ng d\u1ee5ng:<\/strong> S\u1ea3n ph\u1ea9m SVR20 \u0111\u01b0\u1ee3c s\u1eed d\u1ee5ng r\u1ed9ng r\u00e3i trong ng\u00e0nh c\u00f4ng nghi\u1ec7p s\u1ea3n xu\u1ea5t l\u1ed1p xe, c\u00e1c s\u1ea3n ph\u1ea9m \u0111\u1ec7m ch\u1ed1ng va \u0111\u1eadp trong ng\u00e0nh v\u1eadn t\u1ea3i, c\u0169ng nh\u01b0 trong s\u1ea3n xu\u1ea5t cao su \u0111\u01b0\u1eddng s\u1eaft. \u0110\u1ec3 \u0111\u00e1p \u1ee9ng nhu c\u1ea7u \u0111\u00f3 h\u01b0ng th\u1ecbnh rubber s\u1ea3n xu\u1ea5t ra l\u1ecdi cao su SVR-20 ch\u1ea5t l\u01b0\u1ee3ng<\/p>\n<p><strong>C\u00e1c \u0111\u1eb7c t\u00ednh k\u1ef9 thu\u1eadt \u0111\u01b0\u1ee3c h\u01b0ng th\u1ecbnh rubber s\u1eed d\u1ee5ng:<\/strong><\/p>\n<ul>\n<li>H\u00e0m l\u01b0\u1ee3ng ch\u1ea5t b\u1ea9n (%m\/m, kh\u00f4ng v\u01b0\u1ee3t qu\u00e1): 0.16<\/li>\n<li>H\u00e0m l\u01b0\u1ee3ng tro (%m\/m, kh\u00f4ng v\u01b0\u1ee3t qu\u00e1): 0.80<\/li>\n<li>H\u00e0m l\u01b0\u1ee3ng Nit\u01a1 (%m\/m, kh\u00f4ng v\u01b0\u1ee3t qu\u00e1): 0.60<\/li>\n<li>H\u00e0m l\u01b0\u1ee3ng ch\u1ea5t bay h\u01a1i (%m\/m, kh\u00f4ng v\u01b0\u1ee3t qu\u00e1): 0.08<\/li>\n<li>\u0110\u1ed9 d\u1ebbo \u0111\u1ea7u (Po), kh\u00f4ng nh\u1ecf h\u01a1n: 30<\/li>\n<li>Ch\u1ec9 s\u1ed1 duy tr\u00ec \u0111\u1ed9 d\u1ebdo (PRI), kh\u00f4ng nh\u1ecf h\u01a1n: 40<\/li>\n<\/ul>\n<p><strong>Ph\u01b0\u01a1ng ph\u00e1p ki\u1ec3m tra:<\/strong><\/p>\n<ul>\n<li>H\u00e0m l\u01b0\u1ee3ng ch\u1ea5t b\u1ea9n: TCVN 6089:2004 (ISO249:1995)<\/li>\n<li>H\u00e0m l\u01b0\u1ee3ng tro: TCVN 6087:2004 (ISO 247:1990)<\/li>\n<li>H\u00e0m l\u01b0\u1ee3ng Nit\u01a1: TCVN 6091:2004 (ISO1656:1996)<\/li>\n<li>H\u00e0m l\u01b0\u1ee3ng ch\u1ea5t bay h\u01a1i: TCVN 6088:2004 (ISO 248:1991)<\/li>\n<li>\u0110\u1ed9 d\u1ebbo \u0111\u1ea7u: TCVN 6092-2:2004 (ISO 2007 :1991)<\/li>\n<li>Ch\u1ec9 s\u1ed1 duy tr\u00ec \u0111\u1ed9 d\u1ebdo: TCVN 6092-1:2004 (ISO 9230: 1995)<\/li>\n<\/ul>\n<p><strong>Gi\u00e1:<\/strong> Gi\u00e1 c\u1ee7a s\u1ea3n ph\u1ea9m \u0111\u01b0\u1ee3c th\u1ecfa thu\u1eadn.<\/p>\n<p><strong>\u0110\u00f3ng g\u00f3i:<\/strong> S\u1ea3n ph\u1ea9m \u0111\u01b0\u1ee3c \u0111\u00f3ng g\u00f3i th\u00e0nh hai lo\u1ea1i:<\/p>\n<ul>\n<li>H\u00e0ng r\u1eddi kh\u00f4ng pallet: \u0110\u00f3ng trong bao PE, tr\u1ecdng l\u01b0\u1ee3ng 33.33kg\/ki\u1ec7n ho\u1eb7c 35kg\/ki\u1ec7n, 20-21 t\u1ea5n\/cont.<\/li>\n<li>H\u00e0ng \u0111\u00f3ng pallet g\u1ed7 v\u00e0 pallet nh\u1ef1a: \u0110\u00f3ng g\u00f3i trong bao PE, tr\u1ecdng l\u01b0\u1ee3ng 33.33kg\/ki\u1ec7n ho\u1eb7c 35kg\/ki\u1ec7n, 1.2 t\u1ea5n\/pallet &#8211; 1.26 t\u1ea5n\/ki\u1ec7n, 19.2 &#8211; 20.16 t\u1ea5n\/cont.<\/li>\n<\/ul>\n<p>H\u01b0ng Th\u1ecbnh Rubber, m\u1ed9t doanh nghi\u1ec7p ti\u00ean phong trong s\u1ea3n xu\u1ea5t v\u00e0 cung c\u1ea5p s\u1ea3n ph\u1ea9m cao su ch\u1ea5t l\u01b0\u1ee3ng cao. V\u1edbi c\u00f4ng ngh\u1ec7 hi\u1ec7n \u0111\u1ea1i v\u00e0 quy tr\u00ecnh s\u1ea3n xu\u1ea5t ch\u1ea5t l\u01b0\u1ee3ng, ch\u00fang t\u00f4i cam k\u1ebft mang \u0111\u1ebfn nh\u1eefng s\u1ea3n ph\u1ea9m ch\u1ea5t l\u01b0\u1ee3ng, \u0111a d\u1ea1ng v\u00e0 \u0111\u00e1p \u1ee9ng m\u1ecdi nhu c\u1ea7u c\u1ee7a kh\u00e1ch h\u00e0ng<\/p>\n<p>Xem th\u00eam: <a href=\"https:\/\/hungthinhrubber.com\/index.php\/kiem-pham\/\">Quy tr\u00ecnh ki\u1ec3m ph\u1ea9m<\/a>, <a href=\"https:\/\/www.youtube.com\/watch?v=3vO-XKo6eGQ\">cao su svr 20<\/a><\/p>\n","protected":false},"excerpt":{"rendered":"<p>H\u01b0ng Th\u1ecbnh Rubber s\u1ea3n xu\u1ea5t SVR-20 \u1ee8ng d\u1ee5ng: S\u1ea3n ph\u1ea9m SVR20 \u0111\u01b0\u1ee3c s\u1eed d\u1ee5ng r\u1ed9ng r\u00e3i trong ng\u00e0nh c\u00f4ng nghi\u1ec7p s\u1ea3n xu\u1ea5t l\u1ed1p xe, c\u00e1c s\u1ea3n ph\u1ea9m \u0111\u1ec7m ch\u1ed1ng va \u0111\u1eadp trong ng\u00e0nh v\u1eadn t\u1ea3i, c\u0169ng nh\u01b0 trong s\u1ea3n xu\u1ea5t cao su \u0111\u01b0\u1eddng s\u1eaft. \u0110\u1ec3 \u0111\u00e1p \u1ee9ng nhu c\u1ea7u \u0111\u00f3 h\u01b0ng th\u1ecbnh rubber s\u1ea3n xu\u1ea5t [&hellip;]<\/p>\n","protected":false},"featured_media":971,"comment_status":"open","ping_status":"closed","template":"","meta":[],"product_cat":[21],"product_tag":[],"class_list":{"0":"post-370","1":"product","2":"type-product","3":"status-publish","4":"has-post-thumbnail","6":"product_cat-rubber","8":"first","9":"instock","10":"shipping-taxable","11":"product-type-simple"},"yoast_head":"<!-- This site is optimized with the Yoast SEO plugin v22.5 - https:\/\/yoast.com\/wordpress\/plugins\/seo\/ -->\n<title>Cao su SVR-20 - Cao su h\u01b0ng th\u1ecbnh<\/title>\n<meta name=\"description\" content=\"H\u01b0ng th\u1ecbnh rubber t\u1ef1 h\u00e0o c\u00f3 nhi\u1ec1u n\u0103m kinh nghi\u1ec7m v\u1ec1 cao su SVR, h\u01a1n 20 n\u0103m s\u1ea3n xu\u1ea5t v\u00e0 \u0111\u00f3ng g\u00f3p cho n\u1ec1n c\u00f4ng nghi\u1ec7p cao su vi\u1ec7t nam\" \/>\n<meta name=\"robots\" content=\"index, follow, max-snippet:-1, max-image-preview:large, max-video-preview:-1\" \/>\n<link rel=\"canonical\" href=\"https:\/\/hungthinhrubber.com\/index.php\/product\/cao-su-svr-20\/\" \/>\n<meta property=\"og:locale\" content=\"en_US\" \/>\n<meta property=\"og:type\" content=\"article\" \/>\n<meta property=\"og:title\" content=\"Cao su SVR-20 - Cao su h\u01b0ng th\u1ecbnh\" \/>\n<meta property=\"og:description\" content=\"H\u01b0ng th\u1ecbnh rubber t\u1ef1 h\u00e0o c\u00f3 nhi\u1ec1u n\u0103m kinh nghi\u1ec7m v\u1ec1 cao su SVR, h\u01a1n 20 n\u0103m s\u1ea3n xu\u1ea5t v\u00e0 \u0111\u00f3ng g\u00f3p cho n\u1ec1n c\u00f4ng nghi\u1ec7p cao su vi\u1ec7t nam\" \/>\n<meta property=\"og:url\" content=\"https:\/\/hungthinhrubber.com\/index.php\/product\/cao-su-svr-20\/\" \/>\n<meta property=\"og:site_name\" content=\"Cao su h\u01b0ng th\u1ecbnh\" \/>\n<meta property=\"article:modified_time\" content=\"2025-03-30T10:29:39+00:00\" \/>\n<meta property=\"og:image\" content=\"https:\/\/hungthinhrubber.com\/wp-content\/uploads\/2024\/03\/SVR-20.jpg\" \/>\n\t<meta property=\"og:image:width\" content=\"480\" \/>\n\t<meta property=\"og:image:height\" content=\"320\" \/>\n\t<meta property=\"og:image:type\" content=\"image\/jpeg\" \/>\n<meta name=\"twitter:card\" content=\"summary_large_image\" \/>\n<meta name=\"twitter:label1\" content=\"Est. reading time\" \/>\n\t<meta name=\"twitter:data1\" content=\"2 minutes\" \/>\n<script type=\"application\/ld+json\" class=\"yoast-schema-graph\">{\"@context\":\"https:\/\/schema.org\",\"@graph\":[{\"@type\":\"WebPage\",\"@id\":\"https:\/\/hungthinhrubber.com\/index.php\/product\/cao-su-svr-20\/\",\"url\":\"https:\/\/hungthinhrubber.com\/index.php\/product\/cao-su-svr-20\/\",\"name\":\"Cao su SVR-20 - Cao su h\u01b0ng th\u1ecbnh\",\"isPartOf\":{\"@id\":\"https:\/\/hungthinhrubber.com\/#website\"},\"primaryImageOfPage\":{\"@id\":\"https:\/\/hungthinhrubber.com\/index.php\/product\/cao-su-svr-20\/#primaryimage\"},\"image\":{\"@id\":\"https:\/\/hungthinhrubber.com\/index.php\/product\/cao-su-svr-20\/#primaryimage\"},\"thumbnailUrl\":\"https:\/\/hungthinhrubber.com\/wp-content\/uploads\/2024\/03\/SVR-20.jpg\",\"datePublished\":\"2024-03-01T02:03:05+00:00\",\"dateModified\":\"2025-03-30T10:29:39+00:00\",\"description\":\"H\u01b0ng th\u1ecbnh rubber t\u1ef1 h\u00e0o c\u00f3 nhi\u1ec1u n\u0103m kinh nghi\u1ec7m v\u1ec1 cao su SVR, h\u01a1n 20 n\u0103m s\u1ea3n xu\u1ea5t v\u00e0 \u0111\u00f3ng g\u00f3p cho n\u1ec1n c\u00f4ng nghi\u1ec7p cao su vi\u1ec7t nam\",\"breadcrumb\":{\"@id\":\"https:\/\/hungthinhrubber.com\/index.php\/product\/cao-su-svr-20\/#breadcrumb\"},\"inLanguage\":\"en-US\",\"potentialAction\":[{\"@type\":\"ReadAction\",\"target\":[\"https:\/\/hungthinhrubber.com\/index.php\/product\/cao-su-svr-20\/\"]}]},{\"@type\":\"ImageObject\",\"inLanguage\":\"en-US\",\"@id\":\"https:\/\/hungthinhrubber.com\/index.php\/product\/cao-su-svr-20\/#primaryimage\",\"url\":\"https:\/\/hungthinhrubber.com\/wp-content\/uploads\/2024\/03\/SVR-20.jpg\",\"contentUrl\":\"https:\/\/hungthinhrubber.com\/wp-content\/uploads\/2024\/03\/SVR-20.jpg\",\"width\":480,\"height\":320},{\"@type\":\"BreadcrumbList\",\"@id\":\"https:\/\/hungthinhrubber.com\/index.php\/product\/cao-su-svr-20\/#breadcrumb\",\"itemListElement\":[{\"@type\":\"ListItem\",\"position\":1,\"name\":\"Home\",\"item\":\"https:\/\/hungthinhrubber.com\/\"},{\"@type\":\"ListItem\",\"position\":2,\"name\":\"S\u1ea3n Ph\u1ea9m\",\"item\":\"https:\/\/hungthinhrubber.com\/index.php\/san-pham\/\"},{\"@type\":\"ListItem\",\"position\":3,\"name\":\"Cao su SVR-20\"}]},{\"@type\":\"WebSite\",\"@id\":\"https:\/\/hungthinhrubber.com\/#website\",\"url\":\"https:\/\/hungthinhrubber.com\/\",\"name\":\"Cao su h\u01b0ng th\u1ecbnh\",\"description\":\"\",\"potentialAction\":[{\"@type\":\"SearchAction\",\"target\":{\"@type\":\"EntryPoint\",\"urlTemplate\":\"https:\/\/hungthinhrubber.com\/?s={search_term_string}\"},\"query-input\":\"required name=search_term_string\"}],\"inLanguage\":\"en-US\"}]}<\/script>\n<!-- \/ Yoast SEO plugin. -->","yoast_head_json":{"title":"Cao su SVR-20 - Cao su h\u01b0ng th\u1ecbnh","description":"H\u01b0ng th\u1ecbnh rubber t\u1ef1 h\u00e0o c\u00f3 nhi\u1ec1u n\u0103m kinh nghi\u1ec7m v\u1ec1 cao su SVR, h\u01a1n 20 n\u0103m s\u1ea3n xu\u1ea5t v\u00e0 \u0111\u00f3ng g\u00f3p cho n\u1ec1n c\u00f4ng nghi\u1ec7p cao su vi\u1ec7t nam","robots":{"index":"index","follow":"follow","max-snippet":"max-snippet:-1","max-image-preview":"max-image-preview:large","max-video-preview":"max-video-preview:-1"},"canonical":"https:\/\/hungthinhrubber.com\/index.php\/product\/cao-su-svr-20\/","og_locale":"en_US","og_type":"article","og_title":"Cao su SVR-20 - Cao su h\u01b0ng th\u1ecbnh","og_description":"H\u01b0ng th\u1ecbnh rubber t\u1ef1 h\u00e0o c\u00f3 nhi\u1ec1u n\u0103m kinh nghi\u1ec7m v\u1ec1 cao su SVR, h\u01a1n 20 n\u0103m s\u1ea3n xu\u1ea5t v\u00e0 \u0111\u00f3ng g\u00f3p cho n\u1ec1n c\u00f4ng nghi\u1ec7p cao su vi\u1ec7t nam","og_url":"https:\/\/hungthinhrubber.com\/index.php\/product\/cao-su-svr-20\/","og_site_name":"Cao su h\u01b0ng th\u1ecbnh","article_modified_time":"2025-03-30T10:29:39+00:00","og_image":[{"width":480,"height":320,"url":"https:\/\/hungthinhrubber.com\/wp-content\/uploads\/2024\/03\/SVR-20.jpg","type":"image\/jpeg"}],"twitter_card":"summary_large_image","twitter_misc":{"Est. reading time":"2 minutes"},"schema":{"@context":"https:\/\/schema.org","@graph":[{"@type":"WebPage","@id":"https:\/\/hungthinhrubber.com\/index.php\/product\/cao-su-svr-20\/","url":"https:\/\/hungthinhrubber.com\/index.php\/product\/cao-su-svr-20\/","name":"Cao su SVR-20 - Cao su h\u01b0ng th\u1ecbnh","isPartOf":{"@id":"https:\/\/hungthinhrubber.com\/#website"},"primaryImageOfPage":{"@id":"https:\/\/hungthinhrubber.com\/index.php\/product\/cao-su-svr-20\/#primaryimage"},"image":{"@id":"https:\/\/hungthinhrubber.com\/index.php\/product\/cao-su-svr-20\/#primaryimage"},"thumbnailUrl":"https:\/\/hungthinhrubber.com\/wp-content\/uploads\/2024\/03\/SVR-20.jpg","datePublished":"2024-03-01T02:03:05+00:00","dateModified":"2025-03-30T10:29:39+00:00","description":"H\u01b0ng th\u1ecbnh rubber t\u1ef1 h\u00e0o c\u00f3 nhi\u1ec1u n\u0103m kinh nghi\u1ec7m v\u1ec1 cao su SVR, h\u01a1n 20 n\u0103m s\u1ea3n xu\u1ea5t v\u00e0 \u0111\u00f3ng g\u00f3p cho n\u1ec1n c\u00f4ng nghi\u1ec7p cao su vi\u1ec7t nam","breadcrumb":{"@id":"https:\/\/hungthinhrubber.com\/index.php\/product\/cao-su-svr-20\/#breadcrumb"},"inLanguage":"en-US","potentialAction":[{"@type":"ReadAction","target":["https:\/\/hungthinhrubber.com\/index.php\/product\/cao-su-svr-20\/"]}]},{"@type":"ImageObject","inLanguage":"en-US","@id":"https:\/\/hungthinhrubber.com\/index.php\/product\/cao-su-svr-20\/#primaryimage","url":"https:\/\/hungthinhrubber.com\/wp-content\/uploads\/2024\/03\/SVR-20.jpg","contentUrl":"https:\/\/hungthinhrubber.com\/wp-content\/uploads\/2024\/03\/SVR-20.jpg","width":480,"height":320},{"@type":"BreadcrumbList","@id":"https:\/\/hungthinhrubber.com\/index.php\/product\/cao-su-svr-20\/#breadcrumb","itemListElement":[{"@type":"ListItem","position":1,"name":"Home","item":"https:\/\/hungthinhrubber.com\/"},{"@type":"ListItem","position":2,"name":"S\u1ea3n Ph\u1ea9m","item":"https:\/\/hungthinhrubber.com\/index.php\/san-pham\/"},{"@type":"ListItem","position":3,"name":"Cao su SVR-20"}]},{"@type":"WebSite","@id":"https:\/\/hungthinhrubber.com\/#website","url":"https:\/\/hungthinhrubber.com\/","name":"Cao su h\u01b0ng th\u1ecbnh","description":"","potentialAction":[{"@type":"SearchAction","target":{"@type":"EntryPoint","urlTemplate":"https:\/\/hungthinhrubber.com\/?s={search_term_string}"},"query-input":"required name=search_term_string"}],"inLanguage":"en-US"}]}},"_links":{"self":[{"href":"https:\/\/hungthinhrubber.com\/index.php\/wp-json\/wp\/v2\/product\/370","targetHints":{"allow":["GET"]}}],"collection":[{"href":"https:\/\/hungthinhrubber.com\/index.php\/wp-json\/wp\/v2\/product"}],"about":[{"href":"https:\/\/hungthinhrubber.com\/index.php\/wp-json\/wp\/v2\/types\/product"}],"replies":[{"embeddable":true,"href":"https:\/\/hungthinhrubber.com\/index.php\/wp-json\/wp\/v2\/comments?post=370"}],"wp:featuredmedia":[{"embeddable":true,"href":"https:\/\/hungthinhrubber.com\/index.php\/wp-json\/wp\/v2\/media\/971"}],"wp:attachment":[{"href":"https:\/\/hungthinhrubber.com\/index.php\/wp-json\/wp\/v2\/media?parent=370"}],"wp:term":[{"taxonomy":"product_cat","embeddable":true,"href":"https:\/\/hungthinhrubber.com\/index.php\/wp-json\/wp\/v2\/product_cat?post=370"},{"taxonomy":"product_tag","embeddable":true,"href":"https:\/\/hungthinhrubber.com\/index.php\/wp-json\/wp\/v2\/product_tag?post=370"}],"curies":[{"name":"wp","href":"https:\/\/api.w.org\/{rel}","templated":true}]}}