{"id":495,"date":"2024-03-01T07:38:01","date_gmt":"2024-03-01T07:38:01","guid":{"rendered":"https:\/\/hungthinhrubber.asia\/?page_id=495"},"modified":"2024-04-29T08:19:39","modified_gmt":"2024-04-29T08:19:39","slug":"lien-he","status":"publish","type":"page","link":"https:\/\/hungthinhrubber.com\/index.php\/lien-he\/","title":{"rendered":"Li\u00ean h\u1ec7"},"content":{"rendered":"\t\t<div data-elementor-type=\"wp-page\" data-elementor-id=\"495\" class=\"elementor elementor-495\">\n\t\t\t\t\t\t\t\t\t<section class=\"elementor-section elementor-top-section elementor-element elementor-element-66ed244b elementor-section-full_width elementor-section-height-default elementor-section-height-default\" data-id=\"66ed244b\" data-element_type=\"section\" data-settings=\"{&quot;background_background&quot;:&quot;classic&quot;}\">\n\t\t\t\t\t\t\t<div class=\"elementor-background-overlay\"><\/div>\n\t\t\t\t\t\t\t<div class=\"elementor-container elementor-column-gap-no\">\n\t\t\t\t\t<div class=\"elementor-column elementor-col-50 elementor-top-column elementor-element elementor-element-5239804\" data-id=\"5239804\" data-element_type=\"column\" data-settings=\"{&quot;background_background&quot;:&quot;classic&quot;}\">\n\t\t\t<div class=\"elementor-widget-wrap elementor-element-populated\">\n\t\t\t\t\t<div class=\"elementor-background-overlay\"><\/div>\n\t\t\t\t\t\t\t\t<div class=\"elementor-element elementor-element-580cb154 elementor-widget elementor-widget-google_maps\" data-id=\"580cb154\" data-element_type=\"widget\" data-widget_type=\"google_maps.default\">\n\t\t\t\t<div class=\"elementor-widget-container\">\n\t\t\t<style>\/*! elementor - v3.14.0 - 18-06-2023 *\/\n.elementor-widget-google_maps .elementor-widget-container{overflow:hidden}.elementor-widget-google_maps .elementor-custom-embed{line-height:0}.elementor-widget-google_maps iframe{height:300px}<\/style>\t\t<div class=\"elementor-custom-embed\">\n\t\t\t<iframe loading=\"lazy\"\n\t\t\t\t\tsrc=\"https:\/\/maps.google.com\/maps?q=F479%2BR9H%2C%20T%C3%A2y%20Ninh%2C%20Vi%E1%BB%87t%20Nam&#038;t=m&#038;z=13&#038;output=embed&#038;iwloc=near\"\n\t\t\t\t\ttitle=\"F479+R9H, T\u00e2y Ninh, Vi\u1ec7t Nam\"\n\t\t\t\t\taria-label=\"F479+R9H, T\u00e2y Ninh, Vi\u1ec7t Nam\"\n\t\t\t><\/iframe>\n\t\t<\/div>\n\t\t\t\t<\/div>\n\t\t\t\t<\/div>\n\t\t\t\t\t<\/div>\n\t\t<\/div>\n\t\t\t\t<div class=\"elementor-column elementor-col-50 elementor-top-column elementor-element elementor-element-164f0903\" data-id=\"164f0903\" data-element_type=\"column\" data-settings=\"{&quot;background_background&quot;:&quot;classic&quot;}\">\n\t\t\t<div class=\"elementor-widget-wrap elementor-element-populated\">\n\t\t\t\t\t\t\t\t<section class=\"elementor-section elementor-inner-section elementor-element elementor-element-704e207b elementor-section-boxed elementor-section-height-default elementor-section-height-default\" data-id=\"704e207b\" data-element_type=\"section\">\n\t\t\t\t\t\t<div class=\"elementor-container elementor-column-gap-default\">\n\t\t\t\t\t<div class=\"elementor-column elementor-col-100 elementor-inner-column elementor-element elementor-element-b784c9f\" data-id=\"b784c9f\" data-element_type=\"column\">\n\t\t\t<div class=\"elementor-widget-wrap elementor-element-populated\">\n\t\t\t\t\t\t\t\t<div class=\"elementor-element elementor-element-1f8c956d envato-kit-138-bracket elementor-widget elementor-widget-heading\" data-id=\"1f8c956d\" data-element_type=\"widget\" data-widget_type=\"heading.default\">\n\t\t\t\t<div class=\"elementor-widget-container\">\n\t\t\t<style>\/*! elementor - v3.14.0 - 18-06-2023 *\/\n.elementor-heading-title{padding:0;margin:0;line-height:1}.elementor-widget-heading .elementor-heading-title[class*=elementor-size-]>a{color:inherit;font-size:inherit;line-height:inherit}.elementor-widget-heading .elementor-heading-title.elementor-size-small{font-size:15px}.elementor-widget-heading .elementor-heading-title.elementor-size-medium{font-size:19px}.elementor-widget-heading .elementor-heading-title.elementor-size-large{font-size:29px}.elementor-widget-heading .elementor-heading-title.elementor-size-xl{font-size:39px}.elementor-widget-heading .elementor-heading-title.elementor-size-xxl{font-size:59px}<\/style><h3 class=\"elementor-heading-title elementor-size-default\">\u0110\u1ecba ch\u1ec9<\/h3>\t\t<\/div>\n\t\t\t\t<\/div>\n\t\t\t\t<div class=\"elementor-element elementor-element-654a466 elementor-widget elementor-widget-heading\" data-id=\"654a466\" data-element_type=\"widget\" data-widget_type=\"heading.default\">\n\t\t\t\t<div class=\"elementor-widget-container\">\n\t\t\t<h2 class=\"elementor-heading-title elementor-size-default\">Li\u00ean h\u1ec7 v\u1edbi ch\u00fang t\u00f4i<\/h2>\t\t<\/div>\n\t\t\t\t<\/div>\n\t\t\t\t<div class=\"elementor-element elementor-element-33678d18 elementor-widget-divider--view-line elementor-widget elementor-widget-divider\" data-id=\"33678d18\" data-element_type=\"widget\" data-widget_type=\"divider.default\">\n\t\t\t\t<div class=\"elementor-widget-container\">\n\t\t\t<style>\/*! elementor - v3.14.0 - 18-06-2023 *\/\n.elementor-widget-divider{--divider-border-style:none;--divider-border-width:1px;--divider-color:#0c0d0e;--divider-icon-size:20px;--divider-element-spacing:10px;--divider-pattern-height:24px;--divider-pattern-size:20px;--divider-pattern-url:none;--divider-pattern-repeat:repeat-x}.elementor-widget-divider .elementor-divider{display:flex}.elementor-widget-divider .elementor-divider__text{font-size:15px;line-height:1;max-width:95%}.elementor-widget-divider .elementor-divider__element{margin:0 var(--divider-element-spacing);flex-shrink:0}.elementor-widget-divider .elementor-icon{font-size:var(--divider-icon-size)}.elementor-widget-divider .elementor-divider-separator{display:flex;margin:0;direction:ltr}.elementor-widget-divider--view-line_icon .elementor-divider-separator,.elementor-widget-divider--view-line_text .elementor-divider-separator{align-items:center}.elementor-widget-divider--view-line_icon .elementor-divider-separator:after,.elementor-widget-divider--view-line_icon .elementor-divider-separator:before,.elementor-widget-divider--view-line_text .elementor-divider-separator:after,.elementor-widget-divider--view-line_text .elementor-divider-separator:before{display:block;content:\"\";border-bottom:0;flex-grow:1;border-top:var(--divider-border-width) var(--divider-border-style) var(--divider-color)}.elementor-widget-divider--element-align-left .elementor-divider .elementor-divider-separator>.elementor-divider__svg:first-of-type{flex-grow:0;flex-shrink:100}.elementor-widget-divider--element-align-left .elementor-divider-separator:before{content:none}.elementor-widget-divider--element-align-left .elementor-divider__element{margin-left:0}.elementor-widget-divider--element-align-right .elementor-divider .elementor-divider-separator>.elementor-divider__svg:last-of-type{flex-grow:0;flex-shrink:100}.elementor-widget-divider--element-align-right .elementor-divider-separator:after{content:none}.elementor-widget-divider--element-align-right .elementor-divider__element{margin-right:0}.elementor-widget-divider:not(.elementor-widget-divider--view-line_text):not(.elementor-widget-divider--view-line_icon) .elementor-divider-separator{border-top:var(--divider-border-width) var(--divider-border-style) var(--divider-color)}.elementor-widget-divider--separator-type-pattern{--divider-border-style:none}.elementor-widget-divider--separator-type-pattern.elementor-widget-divider--view-line .elementor-divider-separator,.elementor-widget-divider--separator-type-pattern:not(.elementor-widget-divider--view-line) .elementor-divider-separator:after,.elementor-widget-divider--separator-type-pattern:not(.elementor-widget-divider--view-line) .elementor-divider-separator:before,.elementor-widget-divider--separator-type-pattern:not([class*=elementor-widget-divider--view]) .elementor-divider-separator{width:100%;min-height:var(--divider-pattern-height);-webkit-mask-size:var(--divider-pattern-size) 100%;mask-size:var(--divider-pattern-size) 100%;-webkit-mask-repeat:var(--divider-pattern-repeat);mask-repeat:var(--divider-pattern-repeat);background-color:var(--divider-color);-webkit-mask-image:var(--divider-pattern-url);mask-image:var(--divider-pattern-url)}.elementor-widget-divider--no-spacing{--divider-pattern-size:auto}.elementor-widget-divider--bg-round{--divider-pattern-repeat:round}.rtl .elementor-widget-divider .elementor-divider__text{direction:rtl}.e-con-inner>.elementor-widget-divider,.e-con>.elementor-widget-divider{width:var(--container-widget-width,100%);--flex-grow:var(--container-widget-flex-grow)}<\/style>\t\t<div class=\"elementor-divider\">\n\t\t\t<span class=\"elementor-divider-separator\">\n\t\t\t\t\t\t<\/span>\n\t\t<\/div>\n\t\t\t\t<\/div>\n\t\t\t\t<\/div>\n\t\t\t\t<div class=\"elementor-element elementor-element-2ba6609b elementor-widget elementor-widget-text-editor\" data-id=\"2ba6609b\" data-element_type=\"widget\" data-widget_type=\"text-editor.default\">\n\t\t\t\t<div class=\"elementor-widget-container\">\n\t\t\t<style>\/*! elementor - v3.14.0 - 18-06-2023 *\/\n.elementor-widget-text-editor.elementor-drop-cap-view-stacked .elementor-drop-cap{background-color:#69727d;color:#fff}.elementor-widget-text-editor.elementor-drop-cap-view-framed .elementor-drop-cap{color:#69727d;border:3px solid;background-color:transparent}.elementor-widget-text-editor:not(.elementor-drop-cap-view-default) .elementor-drop-cap{margin-top:8px}.elementor-widget-text-editor:not(.elementor-drop-cap-view-default) .elementor-drop-cap-letter{width:1em;height:1em}.elementor-widget-text-editor .elementor-drop-cap{float:left;text-align:center;line-height:1;font-size:50px}.elementor-widget-text-editor .elementor-drop-cap-letter{display:inline-block}<\/style>\t\t\t\t<p>T\u00ean c\u00f4ng ty: C\u00f4ng ty TNHH H\u01afNG TH\u1ecaNH RUBBER (HUNG THINH RUBBER COMPANY LIMITED)<\/p><p>\u0110\u1ecba ch\u1ec9 tr\u1ee5 s\u1edf ch\u00ednh: \u1ea4p Thanh Xu\u00e2n &#8211; X\u00e3 M\u1ecf C\u00f4ng &#8211; Huy\u1ec7n T\u00e2n Bi\u00ean &#8211; T\u1ec9nh T\u00e2y Ninh.<\/p><p>\u0110\u1ea1i di\u1ec7n: Nguy\u1ec5n Quang H\u1ea3i<\/p><p>\u0110i\u1ec7n tho\u1ea1i: 098 980 5587<\/p><p>Fax: 066 3870951<\/p><p>Email: <a target=\"_new\">info@hungthinhrubber.vn<\/a>, <a target=\"_new\">hungthinh_rubber@yahoo.com.vn<\/a><\/p><p>Website:<\/p><p><a href=\"http:\/\/www.hungthinhrubber.vn\/\" target=\"_new\">http:\/\/www.hungthinhrubber.vn<\/a><\/p><p><a href=\"http:\/\/www.hungthinhrubber.com\/\" target=\"_new\">http:\/\/www.hungthinhrubber.com<\/a><\/p><p><a href=\"https:\/\/hungthinhrubber.asia\/\">https:\/\/hungthinhrubber.asia<\/a><\/p>\t\t\t\t\t\t<\/div>\n\t\t\t\t<\/div>\n\t\t\t\t<div class=\"elementor-element elementor-element-1d1d5f94 elementor-widget elementor-widget-spacer\" data-id=\"1d1d5f94\" data-element_type=\"widget\" data-widget_type=\"spacer.default\">\n\t\t\t\t<div class=\"elementor-widget-container\">\n\t\t\t<style>\/*! elementor - v3.14.0 - 18-06-2023 *\/\n.elementor-column .elementor-spacer-inner{height:var(--spacer-size)}.e-con{--container-widget-width:100%}.e-con-inner>.elementor-widget-spacer,.e-con>.elementor-widget-spacer{width:var(--container-widget-width,var(--spacer-size));--align-self:var(--container-widget-align-self,initial);--flex-shrink:0}.e-con-inner>.elementor-widget-spacer>.elementor-widget-container,.e-con-inner>.elementor-widget-spacer>.elementor-widget-container>.elementor-spacer,.e-con>.elementor-widget-spacer>.elementor-widget-container,.e-con>.elementor-widget-spacer>.elementor-widget-container>.elementor-spacer{height:100%}.e-con-inner>.elementor-widget-spacer>.elementor-widget-container>.elementor-spacer>.elementor-spacer-inner,.e-con>.elementor-widget-spacer>.elementor-widget-container>.elementor-spacer>.elementor-spacer-inner{height:var(--container-widget-height,var(--spacer-size))}<\/style>\t\t<div class=\"elementor-spacer\">\n\t\t\t<div class=\"elementor-spacer-inner\"><\/div>\n\t\t<\/div>\n\t\t\t\t<\/div>\n\t\t\t\t<\/div>\n\t\t\t\t\t<\/div>\n\t\t<\/div>\n\t\t\t\t\t\t\t<\/div>\n\t\t<\/section>\n\t\t\t\t\t<\/div>\n\t\t<\/div>\n\t\t\t\t\t\t\t<\/div>\n\t\t<\/section>\n\t\t\t\t\t\t\t<\/div>\n\t\t","protected":false},"excerpt":{"rendered":"<p>\u0110\u1ecba ch\u1ec9 Li\u00ean h\u1ec7 v\u1edbi ch\u00fang t\u00f4i T\u00ean c\u00f4ng ty: C\u00f4ng ty TNHH H\u01afNG TH\u1ecaNH RUBBER (HUNG THINH RUBBER COMPANY LIMITED) \u0110\u1ecba ch\u1ec9 tr\u1ee5 s\u1edf ch\u00ednh: \u1ea4p Thanh Xu\u00e2n &#8211; X\u00e3 M\u1ecf C\u00f4ng &#8211; Huy\u1ec7n T\u00e2n Bi\u00ean &#8211; T\u1ec9nh T\u00e2y Ninh. \u0110\u1ea1i di\u1ec7n: Nguy\u1ec5n Quang H\u1ea3i \u0110i\u1ec7n tho\u1ea1i: 098 980 5587 Fax: 066 3870951 Email: [&hellip;]<\/p>\n","protected":false},"author":1,"featured_media":0,"parent":0,"menu_order":0,"comment_status":"closed","ping_status":"closed","template":"","meta":{"footnotes":""},"class_list":["post-495","page","type-page","status-publish","hentry"],"yoast_head":"<!-- This site is optimized with the Yoast SEO plugin v22.5 - https:\/\/yoast.com\/wordpress\/plugins\/seo\/ -->\n<title>Li\u00ean h\u1ec7 - Cao su h\u01b0ng th\u1ecbnh<\/title>\n<meta name=\"robots\" content=\"index, follow, max-snippet:-1, max-image-preview:large, max-video-preview:-1\" \/>\n<link rel=\"canonical\" href=\"https:\/\/hungthinhrubber.com\/index.php\/lien-he\/\" \/>\n<meta property=\"og:locale\" content=\"en_US\" \/>\n<meta property=\"og:type\" content=\"article\" \/>\n<meta property=\"og:title\" content=\"Li\u00ean h\u1ec7 - Cao su h\u01b0ng th\u1ecbnh\" \/>\n<meta property=\"og:description\" content=\"\u0110\u1ecba ch\u1ec9 Li\u00ean h\u1ec7 v\u1edbi ch\u00fang t\u00f4i T\u00ean c\u00f4ng ty: C\u00f4ng ty TNHH H\u01afNG TH\u1ecaNH RUBBER (HUNG THINH RUBBER COMPANY LIMITED) \u0110\u1ecba ch\u1ec9 tr\u1ee5 s\u1edf ch\u00ednh: \u1ea4p Thanh Xu\u00e2n &#8211; X\u00e3 M\u1ecf C\u00f4ng &#8211; Huy\u1ec7n T\u00e2n Bi\u00ean &#8211; T\u1ec9nh T\u00e2y Ninh. \u0110\u1ea1i di\u1ec7n: Nguy\u1ec5n Quang H\u1ea3i \u0110i\u1ec7n tho\u1ea1i: 098 980 5587 Fax: 066 3870951 Email: [&hellip;]\" \/>\n<meta property=\"og:url\" content=\"https:\/\/hungthinhrubber.com\/index.php\/lien-he\/\" \/>\n<meta property=\"og:site_name\" content=\"Cao su h\u01b0ng th\u1ecbnh\" \/>\n<meta property=\"article:modified_time\" content=\"2024-04-29T08:19:39+00:00\" \/>\n<meta name=\"twitter:card\" content=\"summary_large_image\" \/>\n<meta name=\"twitter:label1\" content=\"Est. reading time\" \/>\n\t<meta name=\"twitter:data1\" content=\"1 minute\" \/>\n<script type=\"application\/ld+json\" class=\"yoast-schema-graph\">{\"@context\":\"https:\/\/schema.org\",\"@graph\":[{\"@type\":\"WebPage\",\"@id\":\"https:\/\/hungthinhrubber.com\/index.php\/lien-he\/\",\"url\":\"https:\/\/hungthinhrubber.com\/index.php\/lien-he\/\",\"name\":\"Li\u00ean h\u1ec7 - Cao su h\u01b0ng th\u1ecbnh\",\"isPartOf\":{\"@id\":\"https:\/\/hungthinhrubber.com\/#website\"},\"datePublished\":\"2024-03-01T07:38:01+00:00\",\"dateModified\":\"2024-04-29T08:19:39+00:00\",\"breadcrumb\":{\"@id\":\"https:\/\/hungthinhrubber.com\/index.php\/lien-he\/#breadcrumb\"},\"inLanguage\":\"en-US\",\"potentialAction\":[{\"@type\":\"ReadAction\",\"target\":[\"https:\/\/hungthinhrubber.com\/index.php\/lien-he\/\"]}]},{\"@type\":\"BreadcrumbList\",\"@id\":\"https:\/\/hungthinhrubber.com\/index.php\/lien-he\/#breadcrumb\",\"itemListElement\":[{\"@type\":\"ListItem\",\"position\":1,\"name\":\"Home\",\"item\":\"https:\/\/hungthinhrubber.com\/\"},{\"@type\":\"ListItem\",\"position\":2,\"name\":\"Li\u00ean h\u1ec7\"}]},{\"@type\":\"WebSite\",\"@id\":\"https:\/\/hungthinhrubber.com\/#website\",\"url\":\"https:\/\/hungthinhrubber.com\/\",\"name\":\"Cao su h\u01b0ng th\u1ecbnh\",\"description\":\"\",\"potentialAction\":[{\"@type\":\"SearchAction\",\"target\":{\"@type\":\"EntryPoint\",\"urlTemplate\":\"https:\/\/hungthinhrubber.com\/?s={search_term_string}\"},\"query-input\":\"required name=search_term_string\"}],\"inLanguage\":\"en-US\"}]}<\/script>\n<!-- \/ Yoast SEO plugin. -->","yoast_head_json":{"title":"Li\u00ean h\u1ec7 - Cao su h\u01b0ng th\u1ecbnh","robots":{"index":"index","follow":"follow","max-snippet":"max-snippet:-1","max-image-preview":"max-image-preview:large","max-video-preview":"max-video-preview:-1"},"canonical":"https:\/\/hungthinhrubber.com\/index.php\/lien-he\/","og_locale":"en_US","og_type":"article","og_title":"Li\u00ean h\u1ec7 - Cao su h\u01b0ng th\u1ecbnh","og_description":"\u0110\u1ecba ch\u1ec9 Li\u00ean h\u1ec7 v\u1edbi ch\u00fang t\u00f4i T\u00ean c\u00f4ng ty: C\u00f4ng ty TNHH H\u01afNG TH\u1ecaNH RUBBER (HUNG THINH RUBBER COMPANY LIMITED) \u0110\u1ecba ch\u1ec9 tr\u1ee5 s\u1edf ch\u00ednh: \u1ea4p Thanh Xu\u00e2n &#8211; X\u00e3 M\u1ecf C\u00f4ng &#8211; Huy\u1ec7n T\u00e2n Bi\u00ean &#8211; T\u1ec9nh T\u00e2y Ninh. \u0110\u1ea1i di\u1ec7n: Nguy\u1ec5n Quang H\u1ea3i \u0110i\u1ec7n tho\u1ea1i: 098 980 5587 Fax: 066 3870951 Email: [&hellip;]","og_url":"https:\/\/hungthinhrubber.com\/index.php\/lien-he\/","og_site_name":"Cao su h\u01b0ng th\u1ecbnh","article_modified_time":"2024-04-29T08:19:39+00:00","twitter_card":"summary_large_image","twitter_misc":{"Est. reading time":"1 minute"},"schema":{"@context":"https:\/\/schema.org","@graph":[{"@type":"WebPage","@id":"https:\/\/hungthinhrubber.com\/index.php\/lien-he\/","url":"https:\/\/hungthinhrubber.com\/index.php\/lien-he\/","name":"Li\u00ean h\u1ec7 - Cao su h\u01b0ng th\u1ecbnh","isPartOf":{"@id":"https:\/\/hungthinhrubber.com\/#website"},"datePublished":"2024-03-01T07:38:01+00:00","dateModified":"2024-04-29T08:19:39+00:00","breadcrumb":{"@id":"https:\/\/hungthinhrubber.com\/index.php\/lien-he\/#breadcrumb"},"inLanguage":"en-US","potentialAction":[{"@type":"ReadAction","target":["https:\/\/hungthinhrubber.com\/index.php\/lien-he\/"]}]},{"@type":"BreadcrumbList","@id":"https:\/\/hungthinhrubber.com\/index.php\/lien-he\/#breadcrumb","itemListElement":[{"@type":"ListItem","position":1,"name":"Home","item":"https:\/\/hungthinhrubber.com\/"},{"@type":"ListItem","position":2,"name":"Li\u00ean h\u1ec7"}]},{"@type":"WebSite","@id":"https:\/\/hungthinhrubber.com\/#website","url":"https:\/\/hungthinhrubber.com\/","name":"Cao su h\u01b0ng th\u1ecbnh","description":"","potentialAction":[{"@type":"SearchAction","target":{"@type":"EntryPoint","urlTemplate":"https:\/\/hungthinhrubber.com\/?s={search_term_string}"},"query-input":"required name=search_term_string"}],"inLanguage":"en-US"}]}},"_links":{"self":[{"href":"https:\/\/hungthinhrubber.com\/index.php\/wp-json\/wp\/v2\/pages\/495","targetHints":{"allow":["GET"]}}],"collection":[{"href":"https:\/\/hungthinhrubber.com\/index.php\/wp-json\/wp\/v2\/pages"}],"about":[{"href":"https:\/\/hungthinhrubber.com\/index.php\/wp-json\/wp\/v2\/types\/page"}],"author":[{"embeddable":true,"href":"https:\/\/hungthinhrubber.com\/index.php\/wp-json\/wp\/v2\/users\/1"}],"replies":[{"embeddable":true,"href":"https:\/\/hungthinhrubber.com\/index.php\/wp-json\/wp\/v2\/comments?post=495"}],"version-history":[{"count":43,"href":"https:\/\/hungthinhrubber.com\/index.php\/wp-json\/wp\/v2\/pages\/495\/revisions"}],"predecessor-version":[{"id":1331,"href":"https:\/\/hungthinhrubber.com\/index.php\/wp-json\/wp\/v2\/pages\/495\/revisions\/1331"}],"wp:attachment":[{"href":"https:\/\/hungthinhrubber.com\/index.php\/wp-json\/wp\/v2\/media?parent=495"}],"curies":[{"name":"wp","href":"https:\/\/api.w.org\/{rel}","templated":true}]}}